{"id":25229,"date":"2021-07-08T16:16:23","date_gmt":"2021-07-08T16:16:23","guid":{"rendered":"http:\/\/vankeljeans.pl\/?page_id=25229"},"modified":"2023-07-14T08:50:24","modified_gmt":"2023-07-14T08:50:24","slug":"darmowa-wysylka","status":"publish","type":"page","link":"http:\/\/vankeljeans.pl\/?page_id=25229","title":{"rendered":"Darmowa wysy\u0142ka"},"content":{"rendered":"\t\t<div data-elementor-type=\"wp-page\" data-elementor-id=\"25229\" class=\"elementor elementor-25229\">\n\t\t\t\t\t\t<section class=\"elementor-section elementor-top-section elementor-element elementor-element-7737729 elementor-section-boxed elementor-section-height-default elementor-section-height-default\" data-id=\"7737729\" data-element_type=\"section\" data-settings=\"{&quot;background_background&quot;:&quot;classic&quot;}\">\n\t\t\t\t\t\t<div class=\"elementor-container elementor-column-gap-no\">\n\t\t\t\t\t<div class=\"elementor-column elementor-col-100 elementor-top-column elementor-element elementor-element-a6b1a2b\" data-id=\"a6b1a2b\" data-element_type=\"column\">\n\t\t\t<div class=\"elementor-widget-wrap elementor-element-populated\">\n\t\t\t\t\t\t<div class=\"elementor-element elementor-element-5f12d71 elementor-widget elementor-widget-heading\" data-id=\"5f12d71\" data-element_type=\"widget\" data-widget_type=\"heading.default\">\n\t\t\t\t<div class=\"elementor-widget-container\">\n\t\t\t<h1 class=\"elementor-heading-title elementor-size-default\">Darmowa wysy\u0142ka<\/h1>\t\t<\/div>\n\t\t\t\t<\/div>\n\t\t\t\t<div class=\"elementor-element elementor-element-cec5646 elementor-widget elementor-widget-text-editor\" data-id=\"cec5646\" data-element_type=\"widget\" data-widget_type=\"text-editor.default\">\n\t\t\t\t<div class=\"elementor-widget-container\">\n\t\t\t\t\t\t\t<p>Dla wszystkich klient\u00f3w hurtowych wprowadzili\u015bmy darmow\u0105 wysy\u0142k\u0119 kuriersk\u0105 przy zam\u00f3wieniu minimum 15 sztuk spodni.<\/p>\n<p>Jest to bardzo szybka oraz wygodna forma wsp\u00f3\u0142pracy. Czas od momentu z\u0142o\u017cenia zam\u00f3wienia do dostarczenia paczki pod wskazany przez Pa\u0144stwa adres to maksymalnie dwa dni robocze.<\/p>\t\t\t\t\t\t<\/div>\n\t\t\t\t<\/div>\n\t\t\t\t\t<\/div>\n\t\t<\/div>\n\t\t\t\t\t<\/div>\n\t\t<\/section>\n\t\t\t\t<\/div>\n\t\t","protected":false},"excerpt":{"rendered":"<p>Darmowa wysy\u0142ka Dla wszystkich klient\u00f3w hurtowych wprowadzili\u015bmy darmow\u0105 wysy\u0142k\u0119 kuriersk\u0105 przy zam\u00f3wieniu minimum 15 sztuk spodni. Jest to bardzo szybka oraz wygodna forma wsp\u00f3\u0142pracy. Czas od momentu z\u0142o\u017cenia zam\u00f3wienia do dostarczenia paczki pod wskazany przez Pa\u0144stwa adres to maksymalnie dwa dni robocze.<\/p>\n","protected":false},"author":1,"featured_media":0,"parent":0,"menu_order":0,"comment_status":"closed","ping_status":"closed","template":"","meta":{"site-sidebar-layout":"no-sidebar","site-content-layout":"page-builder","ast-global-header-display":"","ast-main-header-display":"","ast-hfb-above-header-display":"","ast-hfb-below-header-display":"","ast-hfb-mobile-header-display":"","site-post-title":"disabled","ast-breadcrumbs-content":null,"ast-featured-img":"disabled","footer-sml-layout":"","theme-transparent-header-meta":"enabled","adv-header-id-meta":null,"stick-header-meta":null,"header-above-stick-meta":null,"header-main-stick-meta":null,"header-below-stick-meta":null,"footnotes":""},"_links":{"self":[{"href":"http:\/\/vankeljeans.pl\/index.php?rest_route=\/wp\/v2\/pages\/25229"}],"collection":[{"href":"http:\/\/vankeljeans.pl\/index.php?rest_route=\/wp\/v2\/pages"}],"about":[{"href":"http:\/\/vankeljeans.pl\/index.php?rest_route=\/wp\/v2\/types\/page"}],"author":[{"embeddable":true,"href":"http:\/\/vankeljeans.pl\/index.php?rest_route=\/wp\/v2\/users\/1"}],"replies":[{"embeddable":true,"href":"http:\/\/vankeljeans.pl\/index.php?rest_route=%2Fwp%2Fv2%2Fcomments&post=25229"}],"version-history":[{"count":10,"href":"http:\/\/vankeljeans.pl\/index.php?rest_route=\/wp\/v2\/pages\/25229\/revisions"}],"predecessor-version":[{"id":26110,"href":"http:\/\/vankeljeans.pl\/index.php?rest_route=\/wp\/v2\/pages\/25229\/revisions\/26110"}],"wp:attachment":[{"href":"http:\/\/vankeljeans.pl\/index.php?rest_route=%2Fwp%2Fv2%2Fmedia&parent=25229"}],"curies":[{"name":"wp","href":"https:\/\/api.w.org\/{rel}","templated":true}]}}