{"id":25217,"date":"2021-07-08T16:13:40","date_gmt":"2021-07-08T16:13:40","guid":{"rendered":"http:\/\/vankeljeans.pl\/?page_id=25217"},"modified":"2021-07-20T09:39:37","modified_gmt":"2021-07-20T09:39:37","slug":"oferta-hurtowa","status":"publish","type":"page","link":"http:\/\/vankeljeans.pl\/?page_id=25217","title":{"rendered":"Oferta hurtowa"},"content":{"rendered":"\t\t<div data-elementor-type=\"wp-page\" data-elementor-id=\"25217\" class=\"elementor elementor-25217\">\n\t\t\t\t\t\t<section class=\"elementor-section elementor-top-section elementor-element elementor-element-7737729 elementor-section-boxed elementor-section-height-default elementor-section-height-default\" data-id=\"7737729\" data-element_type=\"section\" data-settings=\"{&quot;background_background&quot;:&quot;classic&quot;}\">\n\t\t\t\t\t\t<div class=\"elementor-container elementor-column-gap-no\">\n\t\t\t\t\t<div class=\"elementor-column elementor-col-100 elementor-top-column elementor-element elementor-element-a6b1a2b\" data-id=\"a6b1a2b\" data-element_type=\"column\">\n\t\t\t<div class=\"elementor-widget-wrap elementor-element-populated\">\n\t\t\t\t\t\t<div class=\"elementor-element elementor-element-5f12d71 elementor-widget elementor-widget-heading\" data-id=\"5f12d71\" data-element_type=\"widget\" data-widget_type=\"heading.default\">\n\t\t\t\t<div class=\"elementor-widget-container\">\n\t\t\t<h1 class=\"elementor-heading-title elementor-size-default\">Oferta hurtowa<\/h1>\t\t<\/div>\n\t\t\t\t<\/div>\n\t\t\t\t<section class=\"elementor-section elementor-inner-section elementor-element elementor-element-5b08d1c elementor-section-boxed elementor-section-height-default elementor-section-height-default\" data-id=\"5b08d1c\" data-element_type=\"section\">\n\t\t\t\t\t\t<div class=\"elementor-container elementor-column-gap-no\">\n\t\t\t\t\t<div class=\"elementor-column elementor-col-33 elementor-inner-column elementor-element elementor-element-a40a7d4\" data-id=\"a40a7d4\" data-element_type=\"column\">\n\t\t\t<div class=\"elementor-widget-wrap elementor-element-populated\">\n\t\t\t\t\t\t<div class=\"elementor-element elementor-element-b12d8c6 elementor-widget elementor-widget-heading\" data-id=\"b12d8c6\" data-element_type=\"widget\" data-widget_type=\"heading.default\">\n\t\t\t\t<div class=\"elementor-widget-container\">\n\t\t\t<h6 class=\"elementor-heading-title elementor-size-default\">Szanowni Pa\u0144stwo<\/h6>\t\t<\/div>\n\t\t\t\t<\/div>\n\t\t\t\t\t<\/div>\n\t\t<\/div>\n\t\t\t\t<div class=\"elementor-column elementor-col-66 elementor-inner-column elementor-element elementor-element-21cf9bb\" data-id=\"21cf9bb\" data-element_type=\"column\">\n\t\t\t<div class=\"elementor-widget-wrap elementor-element-populated\">\n\t\t\t\t\t\t<div class=\"elementor-element elementor-element-c7e9eca elementor-widget elementor-widget-text-editor\" data-id=\"c7e9eca\" data-element_type=\"widget\" data-widget_type=\"text-editor.default\">\n\t\t\t\t<div class=\"elementor-widget-container\">\n\t\t\t\t\t\t\t<p>Jeste\u015bmy autoryzowanym dystrybutorem wyrob\u00f3w odzie\u017cowych marki Vankel. Siedziba naszej firmy mie\u015bci si\u0119 w Katowicach. Dzi\u0119ki wsp\u00f3\u0142pracy z firm\u0105 kuriersk\u0105 zasi\u0119g naszej dzia\u0142alno\u015bci ma wymiar og\u00f3lnokrajowy.<\/p><p>Mamy do zaoferowania odzie\u017c najwy\u017cszej jako\u015bci, wyprodukowan\u0105 w ca\u0142o\u015bci w Polsce. Posiadamy bardzo szeroki asortyment o bogatej kolorystyce.<\/p><p>Nasze wysokie stany magazynowe pozwalaj\u0105 na szybk\u0105 realizacj\u0119 nawet najwi\u0119kszych zam\u00f3wie\u0144. Dzi\u0119ki kilkunastoletniej obecno\u015bci w bran\u017cy posiadamy niezb\u0119dne do\u015bwiadczenie oraz wiedz\u0119 aby wspom\u00f3c Pa\u0144stwa na ka\u017cdym etapie wsp\u00f3\u0142pracy.<\/p><p>Ponadto wszystkim klientom spoza wojew\u00f3dztwa \u015bl\u0105skiego oferujemy darmow\u0105 wysy\u0142k\u0119 przy zam\u00f3wieniu minimum 15 sztuk naszych wyrob\u00f3w.<\/p><p><strong>\u00a0Zapraszamy do kontaktu!<\/strong><\/p>\t\t\t\t\t\t<\/div>\n\t\t\t\t<\/div>\n\t\t\t\t\t<\/div>\n\t\t<\/div>\n\t\t\t\t\t<\/div>\n\t\t<\/section>\n\t\t\t\t\t<\/div>\n\t\t<\/div>\n\t\t\t\t\t<\/div>\n\t\t<\/section>\n\t\t\t\t<section class=\"elementor-section elementor-top-section elementor-element elementor-element-4a2d2b4 elementor-section-boxed elementor-section-height-default elementor-section-height-default\" data-id=\"4a2d2b4\" data-element_type=\"section\">\n\t\t\t\t\t\t<div class=\"elementor-container elementor-column-gap-no\">\n\t\t\t\t\t<div class=\"elementor-column elementor-col-100 elementor-top-column elementor-element elementor-element-d476aa2\" data-id=\"d476aa2\" data-element_type=\"column\">\n\t\t\t<div class=\"elementor-widget-wrap\">\n\t\t\t\t\t\t\t<\/div>\n\t\t<\/div>\n\t\t\t\t\t<\/div>\n\t\t<\/section>\n\t\t\t\t<\/div>\n\t\t","protected":false},"excerpt":{"rendered":"<p>Oferta hurtowa Szanowni Pa\u0144stwo Jeste\u015bmy autoryzowanym dystrybutorem wyrob\u00f3w odzie\u017cowych marki Vankel. Siedziba naszej firmy mie\u015bci si\u0119 w Katowicach. Dzi\u0119ki wsp\u00f3\u0142pracy z firm\u0105 kuriersk\u0105 zasi\u0119g naszej dzia\u0142alno\u015bci ma wymiar og\u00f3lnokrajowy. Mamy do zaoferowania odzie\u017c najwy\u017cszej jako\u015bci, wyprodukowan\u0105 w ca\u0142o\u015bci w Polsce. Posiadamy bardzo szeroki asortyment o bogatej kolorystyce. Nasze wysokie stany magazynowe pozwalaj\u0105 na szybk\u0105 realizacj\u0119 &hellip;<\/p>\n<p class=\"read-more\"> <a class=\"\" href=\"http:\/\/vankeljeans.pl\/?page_id=25217\"> <span class=\"screen-reader-text\">Oferta hurtowa<\/span> Read More &raquo;<\/a><\/p>\n","protected":false},"author":1,"featured_media":0,"parent":0,"menu_order":0,"comment_status":"closed","ping_status":"closed","template":"","meta":{"site-sidebar-layout":"no-sidebar","site-content-layout":"page-builder","ast-global-header-display":"","ast-main-header-display":"","ast-hfb-above-header-display":"","ast-hfb-below-header-display":"","ast-hfb-mobile-header-display":"","site-post-title":"disabled","ast-breadcrumbs-content":null,"ast-featured-img":"disabled","footer-sml-layout":"","theme-transparent-header-meta":"enabled","adv-header-id-meta":null,"stick-header-meta":null,"header-above-stick-meta":null,"header-main-stick-meta":null,"header-below-stick-meta":null,"footnotes":""},"_links":{"self":[{"href":"http:\/\/vankeljeans.pl\/index.php?rest_route=\/wp\/v2\/pages\/25217"}],"collection":[{"href":"http:\/\/vankeljeans.pl\/index.php?rest_route=\/wp\/v2\/pages"}],"about":[{"href":"http:\/\/vankeljeans.pl\/index.php?rest_route=\/wp\/v2\/types\/page"}],"author":[{"embeddable":true,"href":"http:\/\/vankeljeans.pl\/index.php?rest_route=\/wp\/v2\/users\/1"}],"replies":[{"embeddable":true,"href":"http:\/\/vankeljeans.pl\/index.php?rest_route=%2Fwp%2Fv2%2Fcomments&post=25217"}],"version-history":[{"count":14,"href":"http:\/\/vankeljeans.pl\/index.php?rest_route=\/wp\/v2\/pages\/25217\/revisions"}],"predecessor-version":[{"id":26104,"href":"http:\/\/vankeljeans.pl\/index.php?rest_route=\/wp\/v2\/pages\/25217\/revisions\/26104"}],"wp:attachment":[{"href":"http:\/\/vankeljeans.pl\/index.php?rest_route=%2Fwp%2Fv2%2Fmedia&parent=25217"}],"curies":[{"name":"wp","href":"https:\/\/api.w.org\/{rel}","templated":true}]}}