{"id":249,"date":"2020-10-12T02:43:53","date_gmt":"2020-10-12T02:43:53","guid":{"rendered":"http:\/\/vankeljeans.pl\/?page_id=249"},"modified":"2023-07-14T08:49:42","modified_gmt":"2023-07-14T08:49:42","slug":"oferta-detaliczna","status":"publish","type":"page","link":"http:\/\/vankeljeans.pl\/?page_id=249","title":{"rendered":"Oferta detaliczna"},"content":{"rendered":"\t\t<div data-elementor-type=\"wp-page\" data-elementor-id=\"249\" class=\"elementor elementor-249\">\n\t\t\t\t\t\t<section class=\"elementor-section elementor-top-section elementor-element elementor-element-7737729 elementor-section-boxed elementor-section-height-default elementor-section-height-default\" data-id=\"7737729\" data-element_type=\"section\" data-settings=\"{&quot;background_background&quot;:&quot;classic&quot;}\">\n\t\t\t\t\t\t<div class=\"elementor-container elementor-column-gap-no\">\n\t\t\t\t\t<div class=\"elementor-column elementor-col-100 elementor-top-column elementor-element elementor-element-a6b1a2b\" data-id=\"a6b1a2b\" data-element_type=\"column\">\n\t\t\t<div class=\"elementor-widget-wrap elementor-element-populated\">\n\t\t\t\t\t\t<div class=\"elementor-element elementor-element-5f12d71 elementor-widget elementor-widget-heading\" data-id=\"5f12d71\" data-element_type=\"widget\" data-widget_type=\"heading.default\">\n\t\t\t\t<div class=\"elementor-widget-container\">\n\t\t\t<h1 class=\"elementor-heading-title elementor-size-default\">Oferta detaliczna<\/h1>\t\t<\/div>\n\t\t\t\t<\/div>\n\t\t\t\t<div class=\"elementor-element elementor-element-1d0a236 elementor-widget elementor-widget-heading\" data-id=\"1d0a236\" data-element_type=\"widget\" data-widget_type=\"heading.default\">\n\t\t\t\t<div class=\"elementor-widget-container\">\n\t\t\t<div class=\"elementor-heading-title elementor-size-default\">Sprzeda\u017c detaliczn\u0105 prowadzimy w naszych punktach handlowych w Katowicach, Bytomiu oraz Gliwicach, adresy oraz godziny handlowe do wgl\u0105du na podstronie \u201eKontakt\u201d.\n\nNaszym wy\u0142\u0105cznym przedstawicielem w detalicznej sprzeda\u017cy wysy\u0142kowej jest firma \u201eBe Trendy\u201d, kt\u00f3ra ods\u0142uguje klient\u00f3w z ca\u0142ej Polski. Zapraszamy do odwiedzenia jej sklepu internetowego pod adresem www.betrendy.pl<\/div>\t\t<\/div>\n\t\t\t\t<\/div>\n\t\t\t\t<div class=\"elementor-element elementor-element-806523c elementor-widget elementor-widget-image\" data-id=\"806523c\" data-element_type=\"widget\" data-widget_type=\"image.default\">\n\t\t\t\t<div class=\"elementor-widget-container\">\n\t\t\t\t\t\t\t\t\t\t\t\t\t\t<a href=\"http:\/\/betrendy.pl\">\n\t\t\t\t\t\t\t<img fetchpriority=\"high\" decoding=\"async\" width=\"597\" height=\"90\" src=\"http:\/\/vankeljeans.pl\/wp-content\/uploads\/2021\/07\/betrendy_600x90px1.jpg\" class=\"attachment-large size-large wp-image-25402\" alt=\"\" srcset=\"http:\/\/vankeljeans.pl\/wp-content\/uploads\/2021\/07\/betrendy_600x90px1.jpg 597w, http:\/\/vankeljeans.pl\/wp-content\/uploads\/2021\/07\/betrendy_600x90px1-300x45.jpg 300w\" sizes=\"(max-width: 597px) 100vw, 597px\" \/>\t\t\t\t\t\t\t\t<\/a>\n\t\t\t\t\t\t\t\t\t\t\t\t\t<\/div>\n\t\t\t\t<\/div>\n\t\t\t\t<div class=\"elementor-element elementor-element-bc2385b elementor-widget elementor-widget-heading\" data-id=\"bc2385b\" data-element_type=\"widget\" data-widget_type=\"heading.default\">\n\t\t\t\t<div class=\"elementor-widget-container\">\n\t\t\t<div class=\"elementor-heading-title elementor-size-default\">Wsp\u00f3\u0142pracujemy ponadto z wieloma sklepami, g\u0142\u00f3wnie na G\u00f3rnym \u015al\u0105sku oraz w wojew\u00f3dztwie ma\u0142opolskim. Posiadamy r\u00f3wnie\u017c kilkudziesi\u0119ciu dystrybutor\u00f3w na terenie pozosta\u0142ych wojew\u00f3dztw. W celu pozyskanie informacji na temat naszego przedstawiciela w Pa\u0144stwa mie\u015bcie prosz\u0119 o kontakt mailowy lub telefoniczny.<\/div>\t\t<\/div>\n\t\t\t\t<\/div>\n\t\t\t\t\t<\/div>\n\t\t<\/div>\n\t\t\t\t\t<\/div>\n\t\t<\/section>\n\t\t\t\t<section class=\"elementor-section elementor-top-section elementor-element elementor-element-6824efa elementor-section-boxed elementor-section-height-default elementor-section-height-default\" data-id=\"6824efa\" data-element_type=\"section\">\n\t\t\t\t\t\t<div class=\"elementor-container elementor-column-gap-no\">\n\t\t\t\t\t<div class=\"elementor-column elementor-col-100 elementor-top-column elementor-element elementor-element-0092ed6\" data-id=\"0092ed6\" data-element_type=\"column\">\n\t\t\t<div class=\"elementor-widget-wrap elementor-element-populated\">\n\t\t\t\t\t\t<div class=\"elementor-element elementor-element-41efd17 elementor-widget-divider--view-line elementor-widget elementor-widget-divider\" data-id=\"41efd17\" data-element_type=\"widget\" data-widget_type=\"divider.default\">\n\t\t\t\t<div class=\"elementor-widget-container\">\n\t\t\t\t\t<div class=\"elementor-divider\">\n\t\t\t<span class=\"elementor-divider-separator\">\n\t\t\t\t\t\t<\/span>\n\t\t<\/div>\n\t\t\t\t<\/div>\n\t\t\t\t<\/div>\n\t\t\t\t\t<\/div>\n\t\t<\/div>\n\t\t\t\t\t<\/div>\n\t\t<\/section>\n\t\t\t\t<\/div>\n\t\t","protected":false},"excerpt":{"rendered":"<p>Oferta detaliczna Sprzeda\u017c detaliczn\u0105 prowadzimy w naszych punktach handlowych w Katowicach, Bytomiu oraz Gliwicach, adresy oraz godziny handlowe do wgl\u0105du na podstronie \u201eKontakt\u201d. Naszym wy\u0142\u0105cznym przedstawicielem w detalicznej sprzeda\u017cy wysy\u0142kowej jest firma \u201eBe Trendy\u201d, kt\u00f3ra ods\u0142uguje klient\u00f3w z ca\u0142ej Polski. Zapraszamy do odwiedzenia jej sklepu internetowego pod adresem www.betrendy.pl Wsp\u00f3\u0142pracujemy ponadto z wieloma sklepami, g\u0142\u00f3wnie &hellip;<\/p>\n<p class=\"read-more\"> <a class=\"\" href=\"http:\/\/vankeljeans.pl\/?page_id=249\"> <span class=\"screen-reader-text\">Oferta detaliczna<\/span> Read More &raquo;<\/a><\/p>\n","protected":false},"author":1,"featured_media":0,"parent":0,"menu_order":0,"comment_status":"closed","ping_status":"closed","template":"","meta":{"site-sidebar-layout":"no-sidebar","site-content-layout":"page-builder","ast-global-header-display":"","ast-main-header-display":"","ast-hfb-above-header-display":"","ast-hfb-below-header-display":"","ast-hfb-mobile-header-display":"","site-post-title":"disabled","ast-breadcrumbs-content":null,"ast-featured-img":"disabled","footer-sml-layout":"","theme-transparent-header-meta":"enabled","adv-header-id-meta":null,"stick-header-meta":null,"header-above-stick-meta":null,"header-main-stick-meta":null,"header-below-stick-meta":null,"footnotes":""},"_links":{"self":[{"href":"http:\/\/vankeljeans.pl\/index.php?rest_route=\/wp\/v2\/pages\/249"}],"collection":[{"href":"http:\/\/vankeljeans.pl\/index.php?rest_route=\/wp\/v2\/pages"}],"about":[{"href":"http:\/\/vankeljeans.pl\/index.php?rest_route=\/wp\/v2\/types\/page"}],"author":[{"embeddable":true,"href":"http:\/\/vankeljeans.pl\/index.php?rest_route=\/wp\/v2\/users\/1"}],"replies":[{"embeddable":true,"href":"http:\/\/vankeljeans.pl\/index.php?rest_route=%2Fwp%2Fv2%2Fcomments&post=249"}],"version-history":[{"count":17,"href":"http:\/\/vankeljeans.pl\/index.php?rest_route=\/wp\/v2\/pages\/249\/revisions"}],"predecessor-version":[{"id":26107,"href":"http:\/\/vankeljeans.pl\/index.php?rest_route=\/wp\/v2\/pages\/249\/revisions\/26107"}],"wp:attachment":[{"href":"http:\/\/vankeljeans.pl\/index.php?rest_route=%2Fwp%2Fv2%2Fmedia&parent=249"}],"curies":[{"name":"wp","href":"https:\/\/api.w.org\/{rel}","templated":true}]}}